{"id":866,"date":"2023-06-07T11:48:15","date_gmt":"2023-06-07T09:48:15","guid":{"rendered":"https:\/\/www.intercourtage-bayonne.com\/informacion-de-contacto\/"},"modified":"2023-08-02T09:54:41","modified_gmt":"2023-08-02T07:54:41","slug":"informacion-de-contacto","status":"publish","type":"page","link":"https:\/\/www.intercourtage-bayonne.com\/es\/informacion-de-contacto\/","title":{"rendered":"Informaci\u00f3n y contacto"},"content":{"rendered":"<section id=\"ls-section-block_a44c718e0c69d0ad7700d0b995c9f49e\" class=\"ls-section  page-chapeau\" >\r\n        <div class=\"container \">\r\n        \n\n<h1 class=\"ls__heading wp-block-heading has-text-align-center deco-ble-petit\">P\u00f3ngase en contacto con nosotros<\/h1>\n\n\r\n    <\/div>\r\n<\/section><section id=\"ls-section-block_f5e1cb4d10ec9b15756fd30b2ab97141\" class=\"ls-section  page-contact has-p-t p-t-0\" >\r\n        <div class=\"container container--wide\">\r\n        \n\n<div class=\"wp-block-columns is-layout-flex wp-container-core-columns-is-layout-9d6595d7 wp-block-columns-is-layout-flex\">\n<div class=\"wp-block-column is-layout-flow wp-block-column-is-layout-flow\">\n<p class=\"ls-paragraph\">\u00bfBusca un <strong>intermediario de <\/strong>cereales o legumbres?<br\/>\u00bfDesea m\u00e1s informaci\u00f3n sobre los <strong>mercados <\/strong>? No dude en ponerse en contacto con <a href=\"https:\/\/www.intercourtage-bayonne.com\/es\/\">Intercourtage<\/a> a trav\u00e9s del siguiente formulario. Nuestro equipo se pondr\u00e1 en contacto con usted lo antes posible.<\/p>\n\n\n\n<div class=\"wp-block-contact-form-7-contact-form-selector\">\n<div class=\"wpcf7 no-js\" id=\"wpcf7-f910-o1\" lang=\"es-ES\" dir=\"ltr\">\n<div class=\"screen-reader-response\"><p role=\"status\" aria-live=\"polite\" aria-atomic=\"true\"><\/p> <ul><\/ul><\/div>\n<form action=\"\/es\/wp-json\/wp\/v2\/pages\/866#wpcf7-f910-o1\" method=\"post\" class=\"wpcf7-form init\" aria-label=\"Formulario de contacto\" novalidate=\"novalidate\" data-status=\"init\">\n<div style=\"display: none;\">\n<input type=\"hidden\" name=\"_wpcf7\" value=\"910\" \/>\n<input type=\"hidden\" name=\"_wpcf7_version\" value=\"5.9.8\" \/>\n<input type=\"hidden\" name=\"_wpcf7_locale\" value=\"es_ES\" \/>\n<input type=\"hidden\" name=\"_wpcf7_unit_tag\" value=\"wpcf7-f910-o1\" \/>\n<input type=\"hidden\" name=\"_wpcf7_container_post\" value=\"0\" \/>\n<input type=\"hidden\" name=\"_wpcf7_posted_data_hash\" value=\"\" \/>\n<input type=\"hidden\" name=\"_wpcf7_recaptcha_response\" value=\"\" \/>\n<\/div>\n<p><label> Su nombre<br \/>\n<span class=\"wpcf7-form-control-wrap\" data-name=\"your-name\"><input size=\"40\" maxlength=\"400\" class=\"wpcf7-form-control wpcf7-text wpcf7-validates-as-required\" autocomplete=\"name\" aria-required=\"true\" aria-invalid=\"false\" value=\"\" type=\"text\" name=\"your-name\" \/><\/span> <\/label>\n<\/p>\n<p><label> Correo electr\u00f3nico <span class=\"obligatoire\">(obligatorio)<\/span><br \/>\n<span class=\"wpcf7-form-control-wrap\" data-name=\"your-email\"><input size=\"40\" maxlength=\"400\" class=\"wpcf7-form-control wpcf7-email wpcf7-validates-as-required wpcf7-text wpcf7-validates-as-email\" autocomplete=\"email\" aria-required=\"true\" aria-invalid=\"false\" value=\"\" type=\"email\" name=\"your-email\" \/><\/span> <\/label>\n<\/p>\n<p><label> Asunto<br \/>\n<span class=\"wpcf7-form-control-wrap\" data-name=\"your-subject\"><input size=\"40\" maxlength=\"400\" class=\"wpcf7-form-control wpcf7-text wpcf7-validates-as-required\" aria-required=\"true\" aria-invalid=\"false\" value=\"\" type=\"text\" name=\"your-subject\" \/><\/span> <\/label>\n<\/p>\n<p><label> Su mensaje<br \/>\n<span class=\"wpcf7-form-control-wrap\" data-name=\"your-message\"><textarea cols=\"40\" rows=\"10\" maxlength=\"2000\" class=\"wpcf7-form-control wpcf7-textarea wpcf7-validates-as-required\" aria-required=\"true\" aria-invalid=\"false\" name=\"your-message\"><\/textarea><\/span> <\/label>\n<\/p>\n<p><span class=\"wpcf7-form-control-wrap\" data-name=\"acceptance-553\"><span class=\"wpcf7-form-control wpcf7-acceptance\"><span class=\"wpcf7-list-item\"><label><input type=\"checkbox\" name=\"acceptance-553\" value=\"1\" aria-invalid=\"false\" \/><span class=\"wpcf7-list-item-label\">Al marcar esta casilla, acepto la <a href=\"\/es\/politica-de-privacidad\/\" rel=\"nofollow\" target=\"_blank\">Pol\u00edtica de privacidad<\/a> de este sitio.<\/span><\/label><\/span><\/span><\/span><br \/>\n<input class=\"wpcf7-form-control wpcf7-submit has-spinner\" type=\"submit\" value=\"Enviar\" \/>\n<\/p><div class=\"wpcf7-response-output\" aria-hidden=\"true\"><\/div>\n<\/form>\n<\/div>\n<\/div>\n<\/div>\n\n\n\n<div class=\"wp-block-column is-vertically-aligned-center is-layout-flow wp-block-column-is-layout-flow\">\n<div id=\"ls-infos-block_59ce72f361dd734bf6661b3d49d0c8fb\" class=\"ls-infos\" >\n        <div class=\"ls-infos__title\">\n        <\/div>\n        <div class=\"ls-infos__content\">\n            \n            <div class=\"ls-infos__phone\">\n                <i class=\"intercourtage-phone-call\"><\/i> 05 59 46 45 45            <\/div>\n            \n            <div class=\"ls-infos__adresse\">\n                <i class='intercourtage-gps'><\/i>\n                <div class=\"ls-infos__adresse-wrapper\">\n                    Intercourtage Bayonne SAS <br\/>\n                    8 rue Albert 1er <br\/>\n                    64100                    Bayonne, France                <\/div>\n            <\/div>\n\n            <div class=\"ls-infos__mail\">\n                <i class=\"intercourtage-email\"><\/i> incosa[@]intercourtage-bayonne.com            <\/div>\n    <\/div>\n<\/div>\n\n\n<div id=\"ls-socials-block_f16cb6fa0a5dc732a62bef57d88e8db5\" class=\"ls-socials\" >\n    <div class=\"ls-socials__content\">\n                                                <a class=\"ls-socials__item\" href=\"https:\/\/www.linkedin.com\/company\/intercourtage-bayonne\" title=\"Retrouvez-nous sur linkedin\" target=\"_blank\" rel=\"noopener\">\n                    <i class=\"intercourtage_one-linkedin\"><\/i>\n                <\/a>\n                        <\/div>\n<\/div>\n\n\n<div id=\"ls-heading ls-titre-div-block_6ac60a689e469b6e18a006b84ad3ab35\" class=\"ls-titre-div h2-like has-m-t m-t-10 has-m-b m-b-2\" >\n    C\u00f3mo encontrarnos<\/div>\n\n\n\n<iframe src=\"https:\/\/www.google.com\/maps\/embed?pb=!1m18!1m12!1m3!1d2894.4301634577246!2d-1.4766914999999996!3d43.4933611!2m3!1f0!2f0!3f0!3m2!1i1024!2i768!4f13.1!3m3!1m2!1s0xd51408cb28399fd%3A0x4a01c0b21ae300dd!2s8%20Rue%20Albert%201er%2C%2064100%20Bayonne!5e0!3m2!1sfr!2sfr!4v1686646725161!5m2!1sfr!2sfr\" width=\"600\" height=\"450\" style=\"border:0;\" allowfullscreen=\"\" loading=\"lazy\" referrerpolicy=\"no-referrer-when-downgrade\"><\/iframe>\n<\/div>\n<\/div>\n\n\r\n    <\/div>\r\n<\/section>","protected":false},"excerpt":{"rendered":"","protected":false},"author":1,"featured_media":0,"parent":0,"menu_order":0,"comment_status":"closed","ping_status":"closed","template":"","meta":{"_acf_changed":false,"footnotes":""},"sujet":[],"class_list":["post-866","page","type-page","status-publish","hentry"],"acf":[],"yoast_head":"<!-- This site is optimized with the Yoast SEO plugin v23.4 - https:\/\/yoast.com\/wordpress\/plugins\/seo\/ -->\n<title>Contacto Intercourtage | Itinerario Intercourtage en Bayona<\/title>\n<meta name=\"description\" content=\"Intercourtage Bayonne es una empresa de intermediaci\u00f3n de cereales y legumbres establecida en la regi\u00f3n de los Pirineos Atl\u00e1nticos desde hace m\u00e1s de 50 a\u00f1os. Est\u00e1 especializada en los mercados internacionales y nacionales de materias primas cerealistas como el trigo, el arroz, el ma\u00edz y la avena.\" \/>\n<meta name=\"robots\" content=\"index, follow, max-snippet:-1, max-image-preview:large, max-video-preview:-1\" \/>\n<link rel=\"canonical\" href=\"https:\/\/www.intercourtage-bayonne.com\/es\/informacion-de-contacto\/\" \/>\n<meta property=\"og:locale\" content=\"es_ES\" \/>\n<meta property=\"og:type\" content=\"article\" \/>\n<meta property=\"og:title\" content=\"Contacto Intercourtage | Itinerario Intercourtage en Bayona\" \/>\n<meta property=\"og:description\" content=\"Intercourtage Bayonne es una empresa de intermediaci\u00f3n de cereales y legumbres establecida en la regi\u00f3n de los Pirineos Atl\u00e1nticos desde hace m\u00e1s de 50 a\u00f1os. Est\u00e1 especializada en los mercados internacionales y nacionales de materias primas cerealistas como el trigo, el arroz, el ma\u00edz y la avena.\" \/>\n<meta property=\"og:url\" content=\"https:\/\/www.intercourtage-bayonne.com\/es\/informacion-de-contacto\/\" \/>\n<meta property=\"og:site_name\" content=\"Intercourtage Bayonne SAS\" \/>\n<meta property=\"article:modified_time\" content=\"2023-08-02T07:54:41+00:00\" \/>\n<meta name=\"twitter:card\" content=\"summary_large_image\" \/>\n<script type=\"application\/ld+json\" class=\"yoast-schema-graph\">{\"@context\":\"https:\/\/schema.org\",\"@graph\":[{\"@type\":\"WebPage\",\"@id\":\"https:\/\/www.intercourtage-bayonne.com\/es\/informacion-de-contacto\/\",\"url\":\"https:\/\/www.intercourtage-bayonne.com\/es\/informacion-de-contacto\/\",\"name\":\"Contacto Intercourtage | Itinerario Intercourtage en Bayona\",\"isPartOf\":{\"@id\":\"https:\/\/www.intercourtage-bayonne.com\/es\/#website\"},\"datePublished\":\"2023-06-07T09:48:15+00:00\",\"dateModified\":\"2023-08-02T07:54:41+00:00\",\"description\":\"Intercourtage Bayonne es una empresa de intermediaci\u00f3n de cereales y legumbres establecida en la regi\u00f3n de los Pirineos Atl\u00e1nticos desde hace m\u00e1s de 50 a\u00f1os. Est\u00e1 especializada en los mercados internacionales y nacionales de materias primas cerealistas como el trigo, el arroz, el ma\u00edz y la avena.\",\"breadcrumb\":{\"@id\":\"https:\/\/www.intercourtage-bayonne.com\/es\/informacion-de-contacto\/#breadcrumb\"},\"inLanguage\":\"es\",\"potentialAction\":[{\"@type\":\"ReadAction\",\"target\":[\"https:\/\/www.intercourtage-bayonne.com\/es\/informacion-de-contacto\/\"]}]},{\"@type\":\"BreadcrumbList\",\"@id\":\"https:\/\/www.intercourtage-bayonne.com\/es\/informacion-de-contacto\/#breadcrumb\",\"itemListElement\":[{\"@type\":\"ListItem\",\"position\":1,\"name\":\"Intermediarios de materias primas en el Pa\u00eds Vasco\",\"item\":\"https:\/\/www.intercourtage-bayonne.com\/es\/\"},{\"@type\":\"ListItem\",\"position\":2,\"name\":\"Contacto y acceso\"}]},{\"@type\":\"WebSite\",\"@id\":\"https:\/\/www.intercourtage-bayonne.com\/es\/#website\",\"url\":\"https:\/\/www.intercourtage-bayonne.com\/es\/\",\"name\":\"Intercourtage Bayonne SAS\",\"description\":\"\",\"publisher\":{\"@id\":\"https:\/\/www.intercourtage-bayonne.com\/es\/#organization\"},\"potentialAction\":[{\"@type\":\"SearchAction\",\"target\":{\"@type\":\"EntryPoint\",\"urlTemplate\":\"https:\/\/www.intercourtage-bayonne.com\/es\/?s={search_term_string}\"},\"query-input\":{\"@type\":\"PropertyValueSpecification\",\"valueRequired\":true,\"valueName\":\"search_term_string\"}}],\"inLanguage\":\"es\"},{\"@type\":\"Organization\",\"@id\":\"https:\/\/www.intercourtage-bayonne.com\/es\/#organization\",\"name\":\"Intercourtage Bayonne SAS\",\"url\":\"https:\/\/www.intercourtage-bayonne.com\/es\/\",\"logo\":{\"@type\":\"ImageObject\",\"inLanguage\":\"es\",\"@id\":\"https:\/\/www.intercourtage-bayonne.com\/es\/#\/schema\/logo\/image\/\",\"url\":\"https:\/\/www.intercourtage-bayonne.com\/wp-content\/uploads\/2023\/06\/intercourtage-bayonne-logo.webp\",\"contentUrl\":\"https:\/\/www.intercourtage-bayonne.com\/wp-content\/uploads\/2023\/06\/intercourtage-bayonne-logo.webp\",\"width\":500,\"height\":154,\"caption\":\"Intercourtage Bayonne SAS\"},\"image\":{\"@id\":\"https:\/\/www.intercourtage-bayonne.com\/es\/#\/schema\/logo\/image\/\"}}]}<\/script>\n<!-- \/ Yoast SEO plugin. -->","yoast_head_json":{"title":"Contacto Intercourtage | Itinerario Intercourtage en Bayona","description":"Intercourtage Bayonne es una empresa de intermediaci\u00f3n de cereales y legumbres establecida en la regi\u00f3n de los Pirineos Atl\u00e1nticos desde hace m\u00e1s de 50 a\u00f1os. Est\u00e1 especializada en los mercados internacionales y nacionales de materias primas cerealistas como el trigo, el arroz, el ma\u00edz y la avena.","robots":{"index":"index","follow":"follow","max-snippet":"max-snippet:-1","max-image-preview":"max-image-preview:large","max-video-preview":"max-video-preview:-1"},"canonical":"https:\/\/www.intercourtage-bayonne.com\/es\/informacion-de-contacto\/","og_locale":"es_ES","og_type":"article","og_title":"Contacto Intercourtage | Itinerario Intercourtage en Bayona","og_description":"Intercourtage Bayonne es una empresa de intermediaci\u00f3n de cereales y legumbres establecida en la regi\u00f3n de los Pirineos Atl\u00e1nticos desde hace m\u00e1s de 50 a\u00f1os. Est\u00e1 especializada en los mercados internacionales y nacionales de materias primas cerealistas como el trigo, el arroz, el ma\u00edz y la avena.","og_url":"https:\/\/www.intercourtage-bayonne.com\/es\/informacion-de-contacto\/","og_site_name":"Intercourtage Bayonne SAS","article_modified_time":"2023-08-02T07:54:41+00:00","twitter_card":"summary_large_image","schema":{"@context":"https:\/\/schema.org","@graph":[{"@type":"WebPage","@id":"https:\/\/www.intercourtage-bayonne.com\/es\/informacion-de-contacto\/","url":"https:\/\/www.intercourtage-bayonne.com\/es\/informacion-de-contacto\/","name":"Contacto Intercourtage | Itinerario Intercourtage en Bayona","isPartOf":{"@id":"https:\/\/www.intercourtage-bayonne.com\/es\/#website"},"datePublished":"2023-06-07T09:48:15+00:00","dateModified":"2023-08-02T07:54:41+00:00","description":"Intercourtage Bayonne es una empresa de intermediaci\u00f3n de cereales y legumbres establecida en la regi\u00f3n de los Pirineos Atl\u00e1nticos desde hace m\u00e1s de 50 a\u00f1os. Est\u00e1 especializada en los mercados internacionales y nacionales de materias primas cerealistas como el trigo, el arroz, el ma\u00edz y la avena.","breadcrumb":{"@id":"https:\/\/www.intercourtage-bayonne.com\/es\/informacion-de-contacto\/#breadcrumb"},"inLanguage":"es","potentialAction":[{"@type":"ReadAction","target":["https:\/\/www.intercourtage-bayonne.com\/es\/informacion-de-contacto\/"]}]},{"@type":"BreadcrumbList","@id":"https:\/\/www.intercourtage-bayonne.com\/es\/informacion-de-contacto\/#breadcrumb","itemListElement":[{"@type":"ListItem","position":1,"name":"Intermediarios de materias primas en el Pa\u00eds Vasco","item":"https:\/\/www.intercourtage-bayonne.com\/es\/"},{"@type":"ListItem","position":2,"name":"Contacto y acceso"}]},{"@type":"WebSite","@id":"https:\/\/www.intercourtage-bayonne.com\/es\/#website","url":"https:\/\/www.intercourtage-bayonne.com\/es\/","name":"Intercourtage Bayonne SAS","description":"","publisher":{"@id":"https:\/\/www.intercourtage-bayonne.com\/es\/#organization"},"potentialAction":[{"@type":"SearchAction","target":{"@type":"EntryPoint","urlTemplate":"https:\/\/www.intercourtage-bayonne.com\/es\/?s={search_term_string}"},"query-input":{"@type":"PropertyValueSpecification","valueRequired":true,"valueName":"search_term_string"}}],"inLanguage":"es"},{"@type":"Organization","@id":"https:\/\/www.intercourtage-bayonne.com\/es\/#organization","name":"Intercourtage Bayonne SAS","url":"https:\/\/www.intercourtage-bayonne.com\/es\/","logo":{"@type":"ImageObject","inLanguage":"es","@id":"https:\/\/www.intercourtage-bayonne.com\/es\/#\/schema\/logo\/image\/","url":"https:\/\/www.intercourtage-bayonne.com\/wp-content\/uploads\/2023\/06\/intercourtage-bayonne-logo.webp","contentUrl":"https:\/\/www.intercourtage-bayonne.com\/wp-content\/uploads\/2023\/06\/intercourtage-bayonne-logo.webp","width":500,"height":154,"caption":"Intercourtage Bayonne SAS"},"image":{"@id":"https:\/\/www.intercourtage-bayonne.com\/es\/#\/schema\/logo\/image\/"}}]}},"_links":{"self":[{"href":"https:\/\/www.intercourtage-bayonne.com\/es\/wp-json\/wp\/v2\/pages\/866","targetHints":{"allow":["GET"]}}],"collection":[{"href":"https:\/\/www.intercourtage-bayonne.com\/es\/wp-json\/wp\/v2\/pages"}],"about":[{"href":"https:\/\/www.intercourtage-bayonne.com\/es\/wp-json\/wp\/v2\/types\/page"}],"author":[{"embeddable":true,"href":"https:\/\/www.intercourtage-bayonne.com\/es\/wp-json\/wp\/v2\/users\/1"}],"replies":[{"embeddable":true,"href":"https:\/\/www.intercourtage-bayonne.com\/es\/wp-json\/wp\/v2\/comments?post=866"}],"version-history":[{"count":5,"href":"https:\/\/www.intercourtage-bayonne.com\/es\/wp-json\/wp\/v2\/pages\/866\/revisions"}],"predecessor-version":[{"id":1054,"href":"https:\/\/www.intercourtage-bayonne.com\/es\/wp-json\/wp\/v2\/pages\/866\/revisions\/1054"}],"wp:attachment":[{"href":"https:\/\/www.intercourtage-bayonne.com\/es\/wp-json\/wp\/v2\/media?parent=866"}],"wp:term":[{"taxonomy":"sujet","embeddable":true,"href":"https:\/\/www.intercourtage-bayonne.com\/es\/wp-json\/wp\/v2\/sujet?post=866"}],"curies":[{"name":"wp","href":"https:\/\/api.w.org\/{rel}","templated":true}]}}