{"id":862,"date":"2023-07-19T14:24:00","date_gmt":"2023-07-19T12:24:00","guid":{"rendered":"https:\/\/www.intercourtage-bayonne.com\/nota-maxima\/"},"modified":"2023-07-19T15:20:30","modified_gmt":"2023-07-19T13:20:30","slug":"nota-maxima","status":"publish","type":"page","link":"https:\/\/www.intercourtage-bayonne.com\/es\/nota-maxima\/","title":{"rendered":"Informaci\u00f3n jur\u00eddica"},"content":{"rendered":"<section id=\"ls-section-block_5b5c66fb5f1b16bbe983facde968a515\" class=\"ls-section  page-chapeau\" >\r\n        <div class=\"container \">\r\n        \n\n<h1 class=\"ls__heading wp-block-heading has-text-align-center deco-ble-petit\">Informaci\u00f3n jur\u00eddica<\/h1>\n\n\r\n    <\/div>\r\n<\/section><section id=\"page-one\" class=\"ls-section  has-p-t p-t-0\" >\r\n        <div class=\"container container--wide\">\r\n        \n\n<div class=\"wp-block-columns is-layout-flex wp-container-core-columns-is-layout-9d6595d7 wp-block-columns-is-layout-flex\">\n<div class=\"wp-block-column is-layout-flow wp-block-column-is-layout-flow\">\n<h2 class=\"ls__heading wp-block-heading\">Jefe de obra<\/h2>\n\n\n\n<p class=\"ls-paragraph\">INTER-COURTAGE BAYONNE SAS<br\/>R.C.S Bayona : B 632 720 298 00066<br\/>Domicilio social: 8 Rue Albert 1er, 64100 Bayonne<\/p>\n\n\n\n<p class=\"ls-paragraph\">Tel. : 05 59 46 45 45<br\/>Correo electr\u00f3nico: incosa[@]intercourtage-bayonne.com<br\/>IVA intracomunitario: FR13632720298<br\/>Capital social: 40.000 euros<br\/>Director de publicaci\u00f3n: Francois ADRIAN<\/p>\n\n\n\n<h2 class=\"ls__heading wp-block-heading\">PRODUCCI\u00d3N<\/h2>\n\n\n\n<p class=\"ls-paragraph\"><strong>T\u00d3NICO GEEK<\/strong><br\/>Representado por el Sr. Yohan Darmayan en su calidad de Director General<br\/>Domicilio social: 50 AV. DU LAC MARION 64200 BIARRITZ<br\/>Tel\u00e9fono: 05 32 74 11 52<br\/>Correo electr\u00f3nico: support@geek-tonic.com<br\/>P\u00e1gina web: <a href=\"https:\/\/www.geek-tonic.com\/\">www.geek-tonic.com<\/a><br\/>SIRET: 89746755100015<br\/>APE : 6201Z<\/p>\n\n\n\n<h2 class=\"ls__heading wp-block-heading\">COPYRIGHT<\/h2>\n\n\n\n<p class=\"ls-paragraph\">Todo el contenido de este sitio est\u00e1 sujeto a derechos de autor y de propiedad intelectual seg\u00fan la legislaci\u00f3n francesa. Queda prohibida cualquier reproducci\u00f3n (incluidas fotos, iconos y documentos descargables) sin el consentimiento previo de GEEK TONIC. Queda prohibida la reproducci\u00f3n en un soporte electr\u00f3nico de la totalidad o parte del sitio en papel o formato electr\u00f3nico. GEEK TONIC no asume responsabilidad alguna por el contenido del sitio web. GEEK TONIC declina asimismo toda responsabilidad por los enlaces externos que apunten a este sitio.<\/p>\n\n\n\n<h2 class=\"ls__heading wp-block-heading\">DATOS PERSONALES E INFORMACI\u00d3N NOMINATIVA<\/h2>\n\n\n\n<p class=\"ls-paragraph\">Tiene derecho a acceder, modificar, rectificar y suprimir los datos que le conciernen de conformidad con el art\u00edculo 34 de la Ley francesa de protecci\u00f3n de datos (Loi \u00abInformatique et Libert\u00e9s\u00bb) n\u00ba 78-17 de 6 de enero de 1978, modificada el 6 de agosto de 2018. Para ejercer su derecho de acceso, basta con enviar una solicitud por escrito al editor del sitio.<\/p>\n\n\n\n<h2 class=\"ls__heading wp-block-heading\">LEGISLACI\u00d3N<\/h2>\n\n\n\n<p class=\"ls-paragraph\">De conformidad con la ley de 11 de marzo de 1957 (art. 41) y el c\u00f3digo de la propiedad intelectual de 1 de julio de 1992, est\u00e1 prohibida la reproducci\u00f3n total o parcial del sitio sin autorizaci\u00f3n previa del editor del sitio. Los logotipos, elementos visuales, fotos, v\u00eddeos, cuadros gr\u00e1ficos y textos son propiedad de sus respectivos due\u00f1os. Este sitio puede, sin su conocimiento, haber sido vinculado a otros sitios a trav\u00e9s de enlaces hipermedia. El editor del sitio no acepta responsabilidad alguna por la informaci\u00f3n presentada en estos otros sitios. El internauta reconoce que la utilizaci\u00f3n de este sitio se rige por la legislaci\u00f3n francesa.<\/p>\n<\/div>\n<\/div>\n\n\r\n    <\/div>\r\n<\/section>","protected":false},"excerpt":{"rendered":"","protected":false},"author":1,"featured_media":0,"parent":0,"menu_order":0,"comment_status":"closed","ping_status":"closed","template":"","meta":{"_acf_changed":false,"footnotes":""},"sujet":[],"class_list":["post-862","page","type-page","status-publish","hentry"],"acf":[],"yoast_head":"<!-- This site is optimized with the Yoast SEO plugin v23.4 - https:\/\/yoast.com\/wordpress\/plugins\/seo\/ -->\n<title>Informaci\u00f3n jur\u00eddica - Intercourtage Bayonne SAS<\/title>\n<meta name=\"robots\" content=\"noindex, nofollow\" \/>\n<meta property=\"og:locale\" content=\"es_ES\" \/>\n<meta property=\"og:type\" content=\"article\" \/>\n<meta property=\"og:title\" content=\"Informaci\u00f3n jur\u00eddica - Intercourtage Bayonne SAS\" \/>\n<meta property=\"og:url\" content=\"https:\/\/www.intercourtage-bayonne.com\/es\/nota-maxima\/\" \/>\n<meta property=\"og:site_name\" content=\"Intercourtage Bayonne SAS\" \/>\n<meta property=\"article:modified_time\" content=\"2023-07-19T13:20:30+00:00\" \/>\n<meta name=\"twitter:card\" content=\"summary_large_image\" \/>\n<meta name=\"twitter:label1\" content=\"Tiempo de lectura\" \/>\n\t<meta name=\"twitter:data1\" content=\"2 minutos\" \/>\n<script type=\"application\/ld+json\" class=\"yoast-schema-graph\">{\"@context\":\"https:\/\/schema.org\",\"@graph\":[{\"@type\":\"WebPage\",\"@id\":\"https:\/\/www.intercourtage-bayonne.com\/es\/nota-maxima\/\",\"url\":\"https:\/\/www.intercourtage-bayonne.com\/es\/nota-maxima\/\",\"name\":\"Informaci\u00f3n jur\u00eddica - Intercourtage Bayonne SAS\",\"isPartOf\":{\"@id\":\"https:\/\/www.intercourtage-bayonne.com\/es\/#website\"},\"datePublished\":\"2023-07-19T12:24:00+00:00\",\"dateModified\":\"2023-07-19T13:20:30+00:00\",\"breadcrumb\":{\"@id\":\"https:\/\/www.intercourtage-bayonne.com\/es\/nota-maxima\/#breadcrumb\"},\"inLanguage\":\"es\",\"potentialAction\":[{\"@type\":\"ReadAction\",\"target\":[\"https:\/\/www.intercourtage-bayonne.com\/es\/nota-maxima\/\"]}]},{\"@type\":\"BreadcrumbList\",\"@id\":\"https:\/\/www.intercourtage-bayonne.com\/es\/nota-maxima\/#breadcrumb\",\"itemListElement\":[{\"@type\":\"ListItem\",\"position\":1,\"name\":\"Intermediarios de materias primas en el Pa\u00eds Vasco\",\"item\":\"https:\/\/www.intercourtage-bayonne.com\/es\/\"},{\"@type\":\"ListItem\",\"position\":2,\"name\":\"Informaci\u00f3n jur\u00eddica\"}]},{\"@type\":\"WebSite\",\"@id\":\"https:\/\/www.intercourtage-bayonne.com\/es\/#website\",\"url\":\"https:\/\/www.intercourtage-bayonne.com\/es\/\",\"name\":\"Intercourtage Bayonne SAS\",\"description\":\"\",\"publisher\":{\"@id\":\"https:\/\/www.intercourtage-bayonne.com\/es\/#organization\"},\"potentialAction\":[{\"@type\":\"SearchAction\",\"target\":{\"@type\":\"EntryPoint\",\"urlTemplate\":\"https:\/\/www.intercourtage-bayonne.com\/es\/?s={search_term_string}\"},\"query-input\":{\"@type\":\"PropertyValueSpecification\",\"valueRequired\":true,\"valueName\":\"search_term_string\"}}],\"inLanguage\":\"es\"},{\"@type\":\"Organization\",\"@id\":\"https:\/\/www.intercourtage-bayonne.com\/es\/#organization\",\"name\":\"Intercourtage Bayonne SAS\",\"url\":\"https:\/\/www.intercourtage-bayonne.com\/es\/\",\"logo\":{\"@type\":\"ImageObject\",\"inLanguage\":\"es\",\"@id\":\"https:\/\/www.intercourtage-bayonne.com\/es\/#\/schema\/logo\/image\/\",\"url\":\"https:\/\/www.intercourtage-bayonne.com\/wp-content\/uploads\/2023\/06\/intercourtage-bayonne-logo.webp\",\"contentUrl\":\"https:\/\/www.intercourtage-bayonne.com\/wp-content\/uploads\/2023\/06\/intercourtage-bayonne-logo.webp\",\"width\":500,\"height\":154,\"caption\":\"Intercourtage Bayonne SAS\"},\"image\":{\"@id\":\"https:\/\/www.intercourtage-bayonne.com\/es\/#\/schema\/logo\/image\/\"}}]}<\/script>\n<!-- \/ Yoast SEO plugin. -->","yoast_head_json":{"title":"Informaci\u00f3n jur\u00eddica - Intercourtage Bayonne SAS","robots":{"index":"noindex","follow":"nofollow"},"og_locale":"es_ES","og_type":"article","og_title":"Informaci\u00f3n jur\u00eddica - Intercourtage Bayonne SAS","og_url":"https:\/\/www.intercourtage-bayonne.com\/es\/nota-maxima\/","og_site_name":"Intercourtage Bayonne SAS","article_modified_time":"2023-07-19T13:20:30+00:00","twitter_card":"summary_large_image","twitter_misc":{"Tiempo de lectura":"2 minutos"},"schema":{"@context":"https:\/\/schema.org","@graph":[{"@type":"WebPage","@id":"https:\/\/www.intercourtage-bayonne.com\/es\/nota-maxima\/","url":"https:\/\/www.intercourtage-bayonne.com\/es\/nota-maxima\/","name":"Informaci\u00f3n jur\u00eddica - Intercourtage Bayonne SAS","isPartOf":{"@id":"https:\/\/www.intercourtage-bayonne.com\/es\/#website"},"datePublished":"2023-07-19T12:24:00+00:00","dateModified":"2023-07-19T13:20:30+00:00","breadcrumb":{"@id":"https:\/\/www.intercourtage-bayonne.com\/es\/nota-maxima\/#breadcrumb"},"inLanguage":"es","potentialAction":[{"@type":"ReadAction","target":["https:\/\/www.intercourtage-bayonne.com\/es\/nota-maxima\/"]}]},{"@type":"BreadcrumbList","@id":"https:\/\/www.intercourtage-bayonne.com\/es\/nota-maxima\/#breadcrumb","itemListElement":[{"@type":"ListItem","position":1,"name":"Intermediarios de materias primas en el Pa\u00eds Vasco","item":"https:\/\/www.intercourtage-bayonne.com\/es\/"},{"@type":"ListItem","position":2,"name":"Informaci\u00f3n jur\u00eddica"}]},{"@type":"WebSite","@id":"https:\/\/www.intercourtage-bayonne.com\/es\/#website","url":"https:\/\/www.intercourtage-bayonne.com\/es\/","name":"Intercourtage Bayonne SAS","description":"","publisher":{"@id":"https:\/\/www.intercourtage-bayonne.com\/es\/#organization"},"potentialAction":[{"@type":"SearchAction","target":{"@type":"EntryPoint","urlTemplate":"https:\/\/www.intercourtage-bayonne.com\/es\/?s={search_term_string}"},"query-input":{"@type":"PropertyValueSpecification","valueRequired":true,"valueName":"search_term_string"}}],"inLanguage":"es"},{"@type":"Organization","@id":"https:\/\/www.intercourtage-bayonne.com\/es\/#organization","name":"Intercourtage Bayonne SAS","url":"https:\/\/www.intercourtage-bayonne.com\/es\/","logo":{"@type":"ImageObject","inLanguage":"es","@id":"https:\/\/www.intercourtage-bayonne.com\/es\/#\/schema\/logo\/image\/","url":"https:\/\/www.intercourtage-bayonne.com\/wp-content\/uploads\/2023\/06\/intercourtage-bayonne-logo.webp","contentUrl":"https:\/\/www.intercourtage-bayonne.com\/wp-content\/uploads\/2023\/06\/intercourtage-bayonne-logo.webp","width":500,"height":154,"caption":"Intercourtage Bayonne SAS"},"image":{"@id":"https:\/\/www.intercourtage-bayonne.com\/es\/#\/schema\/logo\/image\/"}}]}},"_links":{"self":[{"href":"https:\/\/www.intercourtage-bayonne.com\/es\/wp-json\/wp\/v2\/pages\/862","targetHints":{"allow":["GET"]}}],"collection":[{"href":"https:\/\/www.intercourtage-bayonne.com\/es\/wp-json\/wp\/v2\/pages"}],"about":[{"href":"https:\/\/www.intercourtage-bayonne.com\/es\/wp-json\/wp\/v2\/types\/page"}],"author":[{"embeddable":true,"href":"https:\/\/www.intercourtage-bayonne.com\/es\/wp-json\/wp\/v2\/users\/1"}],"replies":[{"embeddable":true,"href":"https:\/\/www.intercourtage-bayonne.com\/es\/wp-json\/wp\/v2\/comments?post=862"}],"version-history":[{"count":3,"href":"https:\/\/www.intercourtage-bayonne.com\/es\/wp-json\/wp\/v2\/pages\/862\/revisions"}],"predecessor-version":[{"id":865,"href":"https:\/\/www.intercourtage-bayonne.com\/es\/wp-json\/wp\/v2\/pages\/862\/revisions\/865"}],"wp:attachment":[{"href":"https:\/\/www.intercourtage-bayonne.com\/es\/wp-json\/wp\/v2\/media?parent=862"}],"wp:term":[{"taxonomy":"sujet","embeddable":true,"href":"https:\/\/www.intercourtage-bayonne.com\/es\/wp-json\/wp\/v2\/sujet?post=862"}],"curies":[{"name":"wp","href":"https:\/\/api.w.org\/{rel}","templated":true}]}}